{"id":4461,"date":"2020-06-25T15:00:50","date_gmt":"2020-06-25T15:00:50","guid":{"rendered":"https:\/\/teatropovero.it\/chi-siamo\/"},"modified":"2021-05-03T13:27:18","modified_gmt":"2021-05-03T13:27:18","slug":"chi-siamo","status":"publish","type":"page","link":"https:\/\/teatropovero.it\/en\/chi-siamo\/","title":{"rendered":"Chi siamo"},"content":{"rendered":"<p><span style=\"font-weight: 400;\">Il <\/span><b>Teatro Povero di Monticchiello<\/b><span style=\"font-weight: 400;\"> \u00e8 un <\/span><b>progetto<\/b> <b>sociale e culturale<\/b><span style=\"font-weight: 400;\"> nato negli anni \u201960 del Novecento. In quel tempo, il borgo di Monticchiello e la Val d\u2019Orcia iniziano a trasformarsi radicalmente: per secoli erano stati caratterizzati dal sistema economico e sociale della <\/span><a href=\"https:\/\/teatropovero.it\/en\/la-mezzadria\/\"><strong>mezzadria<\/strong><\/a><span style=\"font-weight: 400;\">, gi\u00e0 allora entrato profondamente in crisi. La comunit\u00e0 del borgo reag\u00ec a quella crisi anche attraverso la nascita della nostra esperienza. Da allora non abbiamo mai smesso di resistere e sperimentare&#8230;<\/span><span style=\"font-weight: 400;\"><br \/>\n<\/span><span style=\"font-weight: 400;\"><br \/>\n<\/span><span style=\"font-weight: 400;\">Cresciuto attorno a un\u2019idea nuova di teatro chiamata \u201cautodramma\u201d, che ha preso qui forma per la prima volta, oggi il Teatro Povero di Monticchiello \u00e8 strutturato in <\/span><b>Cooperativa di Comunit\u00e0<\/b><span style=\"font-weight: 400;\">, attiva su pi\u00f9 fronti: il cuore del nostro impegno rimangono le attivit\u00e0 teatrali e culturali in genere, alle quali si affiancano per\u00f2 molti servizi svolti per la comunit\u00e0 del borgo e per quanti vi si avvicinano. La Cooperativa gestisce spazi poli-funzionali come il <a href=\"https:\/\/teatropovero.it\/en\/ospitalita-monticchiello\/il-granaio\/\"><strong>Granaio<\/strong><\/a>, l\u2019ufficio turistico, l\u2019edicola, il <strong><a href=\"https:\/\/teatropovero.it\/en\/ospitalita-monticchiello\/museo-tepotratos\/\">museo<\/a><\/strong>, il centro internet, due <a href=\"https:\/\/teatropovero.it\/en\/i-ristoranti\/\"><strong>ristoranti<\/strong><\/a>, le <a href=\"https:\/\/www.ciclofficineteatropovero.it\/\"><strong>ciclo-officine<\/strong><\/a>, la <strong><a href=\"https:\/\/teatropovero.it\/en\/ospitalita-monticchiello\/foresteria\/\">foresteria<\/a><\/strong>, i <a href=\"https:\/\/teatropovero.it\/en\/soggiorni-e-attivita\/\"><strong>pacchetti turistici<\/strong><\/a>, le attivit\u00e0 di accoglienza per richiedenti asilo, alcuni servizi di supporto e assistenza sanitaria di base, una piccola biblioteca, il punto ristoro, collabora nella gestione del museo del Teatro Popolare Tradizionale Toscano, cura rassegne e laboratori.<\/span><\/p>\n<p>Scopri la\u00a0<strong><a title=\"Storia\" href=\"https:\/\/teatropovero.it\/en\/storia\/\">storia<\/a><\/strong>\u00a0del Teatro Povero.<\/p>\n","protected":false},"excerpt":{"rendered":"<p>Il Teatro Povero di Monticchiello \u00e8 un progetto sociale e culturale nato negli anni \u201960 del Novecento. In quel tempo, il borgo di Monticchiello e la Val d\u2019Orcia iniziano a trasformarsi radicalmente: per secoli erano stati caratterizzati dal sistema economico e sociale della mezzadria, gi\u00e0 allora entrato profondamente in crisi. La comunit\u00e0 del borgo reag\u00ec &hellip;<\/p>\n","protected":false},"author":1,"featured_media":0,"parent":0,"menu_order":0,"comment_status":"closed","ping_status":"closed","template":"","meta":{"_acf_changed":false,"footnotes":""},"class_list":["post-4461","page","type-page","status-publish","hentry"],"acf":[],"yoast_head":"<!-- This site is optimized with the Yoast SEO plugin v27.4 - https:\/\/yoast.com\/product\/yoast-seo-wordpress\/ -->\n<title>Chi siamo - Teatro Povero di Monticchiello si racconta<\/title>\n<meta name=\"description\" content=\"Il Teatro Povero di Monticchiello \u00e8 un progetto sociale e culturale nato nel 1967, oggi strutturato in Cooperativa di Comunit\u00e0\" \/>\n<meta name=\"robots\" content=\"index, follow, max-snippet:-1, max-image-preview:large, max-video-preview:-1\" \/>\n<link rel=\"canonical\" href=\"https:\/\/teatropovero.it\/en\/chi-siamo\/\" \/>\n<meta property=\"og:locale\" content=\"en_US\" \/>\n<meta property=\"og:type\" content=\"article\" \/>\n<meta property=\"og:title\" content=\"Chi siamo - Teatro Povero di Monticchiello si racconta\" \/>\n<meta property=\"og:description\" content=\"Il Teatro Povero di Monticchiello \u00e8 un progetto sociale e culturale nato nel 1967, oggi strutturato in Cooperativa di Comunit\u00e0\" \/>\n<meta property=\"og:url\" content=\"https:\/\/teatropovero.it\/en\/chi-siamo\/\" \/>\n<meta property=\"og:site_name\" content=\"Teatro Povero di Monticchiello\" \/>\n<meta property=\"article:publisher\" content=\"https:\/\/www.facebook.com\/teatropovero\" \/>\n<meta property=\"article:modified_time\" content=\"2021-05-03T13:27:18+00:00\" \/>\n<meta name=\"twitter:card\" content=\"summary_large_image\" \/>\n<meta name=\"twitter:label1\" content=\"Est. reading time\" \/>\n\t<meta name=\"twitter:data1\" content=\"1 minute\" \/>\n<script type=\"application\/ld+json\" class=\"yoast-schema-graph\">{\"@context\":\"https:\\\/\\\/schema.org\",\"@graph\":[{\"@type\":\"WebPage\",\"@id\":\"https:\\\/\\\/teatropovero.it\\\/en\\\/chi-siamo\\\/\",\"url\":\"https:\\\/\\\/teatropovero.it\\\/en\\\/chi-siamo\\\/\",\"name\":\"Chi siamo - Teatro Povero di Monticchiello si racconta\",\"isPartOf\":{\"@id\":\"https:\\\/\\\/teatropovero.it\\\/en\\\/#website\"},\"datePublished\":\"2020-06-25T15:00:50+00:00\",\"dateModified\":\"2021-05-03T13:27:18+00:00\",\"description\":\"Il Teatro Povero di Monticchiello \u00e8 un progetto sociale e culturale nato nel 1967, oggi strutturato in Cooperativa di Comunit\u00e0\",\"breadcrumb\":{\"@id\":\"https:\\\/\\\/teatropovero.it\\\/en\\\/chi-siamo\\\/#breadcrumb\"},\"inLanguage\":\"en-US\",\"potentialAction\":[{\"@type\":\"ReadAction\",\"target\":[\"https:\\\/\\\/teatropovero.it\\\/en\\\/chi-siamo\\\/\"]}]},{\"@type\":\"BreadcrumbList\",\"@id\":\"https:\\\/\\\/teatropovero.it\\\/en\\\/chi-siamo\\\/#breadcrumb\",\"itemListElement\":[{\"@type\":\"ListItem\",\"position\":1,\"name\":\"Home\",\"item\":\"https:\\\/\\\/teatropovero.it\\\/en\\\/\"},{\"@type\":\"ListItem\",\"position\":2,\"name\":\"Chi siamo\"}]},{\"@type\":\"WebSite\",\"@id\":\"https:\\\/\\\/teatropovero.it\\\/en\\\/#website\",\"url\":\"https:\\\/\\\/teatropovero.it\\\/en\\\/\",\"name\":\"Teatro Povero di Monticchiello\",\"description\":\"Dal 1967, ogni anno in piazza con i suoi &quot;autodrammi&quot;.\",\"publisher\":{\"@id\":\"https:\\\/\\\/teatropovero.it\\\/en\\\/#organization\"},\"potentialAction\":[{\"@type\":\"SearchAction\",\"target\":{\"@type\":\"EntryPoint\",\"urlTemplate\":\"https:\\\/\\\/teatropovero.it\\\/en\\\/?s={search_term_string}\"},\"query-input\":{\"@type\":\"PropertyValueSpecification\",\"valueRequired\":true,\"valueName\":\"search_term_string\"}}],\"inLanguage\":\"en-US\"},{\"@type\":\"Organization\",\"@id\":\"https:\\\/\\\/teatropovero.it\\\/en\\\/#organization\",\"name\":\"Teatro Povero di Monticchiello\",\"url\":\"https:\\\/\\\/teatropovero.it\\\/en\\\/\",\"logo\":{\"@type\":\"ImageObject\",\"inLanguage\":\"en-US\",\"@id\":\"https:\\\/\\\/teatropovero.it\\\/en\\\/#\\\/schema\\\/logo\\\/image\\\/\",\"url\":\"https:\\\/\\\/teatropovero.it\\\/_mamawp\\\/wp-content\\\/uploads\\\/2022\\\/07\\\/logox2.png\",\"contentUrl\":\"https:\\\/\\\/teatropovero.it\\\/_mamawp\\\/wp-content\\\/uploads\\\/2022\\\/07\\\/logox2.png\",\"width\":160,\"height\":180,\"caption\":\"Teatro Povero di Monticchiello\"},\"image\":{\"@id\":\"https:\\\/\\\/teatropovero.it\\\/en\\\/#\\\/schema\\\/logo\\\/image\\\/\"},\"sameAs\":[\"https:\\\/\\\/www.facebook.com\\\/teatropovero\",\"https:\\\/\\\/www.youtube.com\\\/channel\\\/UCMe8RpLaoc53Su0xWTsShyw\"]}]}<\/script>\n<!-- \/ Yoast SEO plugin. -->","yoast_head_json":{"title":"Chi siamo - Teatro Povero di Monticchiello si racconta","description":"Il Teatro Povero di Monticchiello \u00e8 un progetto sociale e culturale nato nel 1967, oggi strutturato in Cooperativa di Comunit\u00e0","robots":{"index":"index","follow":"follow","max-snippet":"max-snippet:-1","max-image-preview":"max-image-preview:large","max-video-preview":"max-video-preview:-1"},"canonical":"https:\/\/teatropovero.it\/en\/chi-siamo\/","og_locale":"en_US","og_type":"article","og_title":"Chi siamo - Teatro Povero di Monticchiello si racconta","og_description":"Il Teatro Povero di Monticchiello \u00e8 un progetto sociale e culturale nato nel 1967, oggi strutturato in Cooperativa di Comunit\u00e0","og_url":"https:\/\/teatropovero.it\/en\/chi-siamo\/","og_site_name":"Teatro Povero di Monticchiello","article_publisher":"https:\/\/www.facebook.com\/teatropovero","article_modified_time":"2021-05-03T13:27:18+00:00","twitter_card":"summary_large_image","twitter_misc":{"Est. reading time":"1 minute"},"schema":{"@context":"https:\/\/schema.org","@graph":[{"@type":"WebPage","@id":"https:\/\/teatropovero.it\/en\/chi-siamo\/","url":"https:\/\/teatropovero.it\/en\/chi-siamo\/","name":"Chi siamo - Teatro Povero di Monticchiello si racconta","isPartOf":{"@id":"https:\/\/teatropovero.it\/en\/#website"},"datePublished":"2020-06-25T15:00:50+00:00","dateModified":"2021-05-03T13:27:18+00:00","description":"Il Teatro Povero di Monticchiello \u00e8 un progetto sociale e culturale nato nel 1967, oggi strutturato in Cooperativa di Comunit\u00e0","breadcrumb":{"@id":"https:\/\/teatropovero.it\/en\/chi-siamo\/#breadcrumb"},"inLanguage":"en-US","potentialAction":[{"@type":"ReadAction","target":["https:\/\/teatropovero.it\/en\/chi-siamo\/"]}]},{"@type":"BreadcrumbList","@id":"https:\/\/teatropovero.it\/en\/chi-siamo\/#breadcrumb","itemListElement":[{"@type":"ListItem","position":1,"name":"Home","item":"https:\/\/teatropovero.it\/en\/"},{"@type":"ListItem","position":2,"name":"Chi siamo"}]},{"@type":"WebSite","@id":"https:\/\/teatropovero.it\/en\/#website","url":"https:\/\/teatropovero.it\/en\/","name":"Teatro Povero di Monticchiello","description":"Dal 1967, ogni anno in piazza con i suoi &quot;autodrammi&quot;.","publisher":{"@id":"https:\/\/teatropovero.it\/en\/#organization"},"potentialAction":[{"@type":"SearchAction","target":{"@type":"EntryPoint","urlTemplate":"https:\/\/teatropovero.it\/en\/?s={search_term_string}"},"query-input":{"@type":"PropertyValueSpecification","valueRequired":true,"valueName":"search_term_string"}}],"inLanguage":"en-US"},{"@type":"Organization","@id":"https:\/\/teatropovero.it\/en\/#organization","name":"Teatro Povero di Monticchiello","url":"https:\/\/teatropovero.it\/en\/","logo":{"@type":"ImageObject","inLanguage":"en-US","@id":"https:\/\/teatropovero.it\/en\/#\/schema\/logo\/image\/","url":"https:\/\/teatropovero.it\/_mamawp\/wp-content\/uploads\/2022\/07\/logox2.png","contentUrl":"https:\/\/teatropovero.it\/_mamawp\/wp-content\/uploads\/2022\/07\/logox2.png","width":160,"height":180,"caption":"Teatro Povero di Monticchiello"},"image":{"@id":"https:\/\/teatropovero.it\/en\/#\/schema\/logo\/image\/"},"sameAs":["https:\/\/www.facebook.com\/teatropovero","https:\/\/www.youtube.com\/channel\/UCMe8RpLaoc53Su0xWTsShyw"]}]}},"_links":{"self":[{"href":"https:\/\/teatropovero.it\/en\/wp-json\/wp\/v2\/pages\/4461","targetHints":{"allow":["GET"]}}],"collection":[{"href":"https:\/\/teatropovero.it\/en\/wp-json\/wp\/v2\/pages"}],"about":[{"href":"https:\/\/teatropovero.it\/en\/wp-json\/wp\/v2\/types\/page"}],"author":[{"embeddable":true,"href":"https:\/\/teatropovero.it\/en\/wp-json\/wp\/v2\/users\/1"}],"replies":[{"embeddable":true,"href":"https:\/\/teatropovero.it\/en\/wp-json\/wp\/v2\/comments?post=4461"}],"version-history":[{"count":0,"href":"https:\/\/teatropovero.it\/en\/wp-json\/wp\/v2\/pages\/4461\/revisions"}],"wp:attachment":[{"href":"https:\/\/teatropovero.it\/en\/wp-json\/wp\/v2\/media?parent=4461"}],"curies":[{"name":"wp","href":"https:\/\/api.w.org\/{rel}","templated":true}]}}